{"id":1054,"date":"2025-11-08T08:01:27","date_gmt":"2025-11-08T07:01:27","guid":{"rendered":"https:\/\/traildufreego.fr\/?page_id=1054"},"modified":"2026-01-03T11:14:12","modified_gmt":"2026-01-03T10:14:12","slug":"resultats-2025","status":"publish","type":"page","link":"https:\/\/traildufreego.fr\/index.php\/resultats-2025\/","title":{"rendered":"R\u00e9sultats 2025"},"content":{"rendered":"\n<p>Voici les r\u00e9sultats de l\u2019\u00e9dition 2025. Merci \u00e0 vous!<br><br><a href=\"https:\/\/traildufreego.fr\/wp-content\/uploads\/2026\/01\/resultats-le-free-go-25-km.pdf\">R\u00e9sultats 2025 ; 25 km<\/a><\/p>\n\n\n\n<p><a href=\"https:\/\/traildufreego.fr\/wp-content\/uploads\/2026\/01\/resultats-le-free-mas-16-km.pdf\">R\u00e9sultats 2025 ; 16 km<\/a><\/p>\n\n\n\n<p><a href=\"https:\/\/traildufreego.fr\/wp-content\/uploads\/2026\/01\/resultats-le-free-leux-8-km.pdf\">R\u00e9sultats 2025 ; 8 km<\/a><\/p>\n","protected":false},"excerpt":{"rendered":"<p>Voici les r\u00e9sultats de l\u2019\u00e9dition 2025. Merci \u00e0 vous! R\u00e9sultats 2025 ; 25 km R\u00e9sultats 2025 ; 16 km R\u00e9sultats 2025 ; 8 km<\/p>\n","protected":false},"author":1,"featured_media":0,"parent":0,"menu_order":0,"comment_status":"closed","ping_status":"closed","template":"","meta":{"site-sidebar-layout":"default","site-content-layout":"default","ast-global-header-display":"","ast-main-header-display":"","ast-hfb-above-header-display":"","ast-hfb-below-header-display":"","ast-hfb-mobile-header-display":"","site-post-title":"","ast-breadcrumbs-content":"","ast-featured-img":"","footer-sml-layout":"","theme-transparent-header-meta":"","adv-header-id-meta":"","stick-header-meta":"","header-above-stick-meta":"","header-main-stick-meta":"","header-below-stick-meta":"","footnotes":""},"class_list":["post-1054","page","type-page","status-publish","hentry"],"_links":{"self":[{"href":"https:\/\/traildufreego.fr\/index.php\/wp-json\/wp\/v2\/pages\/1054","targetHints":{"allow":["GET"]}}],"collection":[{"href":"https:\/\/traildufreego.fr\/index.php\/wp-json\/wp\/v2\/pages"}],"about":[{"href":"https:\/\/traildufreego.fr\/index.php\/wp-json\/wp\/v2\/types\/page"}],"author":[{"embeddable":true,"href":"https:\/\/traildufreego.fr\/index.php\/wp-json\/wp\/v2\/users\/1"}],"replies":[{"embeddable":true,"href":"https:\/\/traildufreego.fr\/index.php\/wp-json\/wp\/v2\/comments?post=1054"}],"version-history":[{"count":5,"href":"https:\/\/traildufreego.fr\/index.php\/wp-json\/wp\/v2\/pages\/1054\/revisions"}],"predecessor-version":[{"id":1077,"href":"https:\/\/traildufreego.fr\/index.php\/wp-json\/wp\/v2\/pages\/1054\/revisions\/1077"}],"wp:attachment":[{"href":"https:\/\/traildufreego.fr\/index.php\/wp-json\/wp\/v2\/media?parent=1054"}],"curies":[{"name":"wp","href":"https:\/\/api.w.org\/{rel}","templated":true}]}}