{"id":318,"date":"2023-02-08T08:02:42","date_gmt":"2023-02-08T07:02:42","guid":{"rendered":"https:\/\/traildufreego.fr\/?page_id=318"},"modified":"2023-02-08T08:10:58","modified_gmt":"2023-02-08T07:10:58","slug":"resultats-2023","status":"publish","type":"page","link":"https:\/\/traildufreego.fr\/index.php\/resultats-2023\/","title":{"rendered":"R\u00e9sultats 2023"},"content":{"rendered":"\n<p>Voici les r\u00e9sultats de l&rsquo;\u00e9dition 2023.  Merci \u00e0 vous!<\/p>\n\n\n\n<p><\/p>\n\n\n\n<div class=\"wp-block-file\"><a id=\"wp-block-file--media-3b057719-a53b-4868-a921-06100eb642bb\" href=\"https:\/\/traildufreego.fr\/wp-content\/uploads\/2023\/02\/Resultats-Le-FREE-GO_-25-km.pdf\">R\u00e9sultats &#8211; Le FREE GO_ 25 km<\/a><a href=\"https:\/\/traildufreego.fr\/wp-content\/uploads\/2023\/02\/Resultats-Le-FREE-GO_-25-km.pdf\" class=\"wp-block-file__button wp-element-button\" download aria-describedby=\"wp-block-file--media-3b057719-a53b-4868-a921-06100eb642bb\">T\u00e9l\u00e9charger<\/a><\/div>\n\n\n\n<div class=\"wp-block-file\"><a id=\"wp-block-file--media-4ee3ea53-17db-4b47-af28-1271a38db609\" href=\"https:\/\/traildufreego.fr\/wp-content\/uploads\/2023\/02\/Resultats-Le-FREE-MAS_-16-km.pdf\">R\u00e9sultats &#8211; Le FREE MAS_ 16 km<\/a><a href=\"https:\/\/traildufreego.fr\/wp-content\/uploads\/2023\/02\/Resultats-Le-FREE-MAS_-16-km.pdf\" class=\"wp-block-file__button wp-element-button\" download aria-describedby=\"wp-block-file--media-4ee3ea53-17db-4b47-af28-1271a38db609\">T\u00e9l\u00e9charger<\/a><\/div>\n\n\n\n<div class=\"wp-block-file\"><a id=\"wp-block-file--media-49fe2c07-7828-404c-a24a-9f20be896363\" href=\"https:\/\/traildufreego.fr\/wp-content\/uploads\/2023\/02\/Resultats-Le-FREE-LEUX_-8-km.pdf\">R\u00e9sultats &#8211; Le FREE LEUX_ 8 km<\/a><a href=\"https:\/\/traildufreego.fr\/wp-content\/uploads\/2023\/02\/Resultats-Le-FREE-LEUX_-8-km.pdf\" class=\"wp-block-file__button wp-element-button\" download aria-describedby=\"wp-block-file--media-49fe2c07-7828-404c-a24a-9f20be896363\">T\u00e9l\u00e9charger<\/a><\/div>\n","protected":false},"excerpt":{"rendered":"<p>Voici les r\u00e9sultats de l&rsquo;\u00e9dition 2023. Merci \u00e0 vous!<\/p>\n","protected":false},"author":1,"featured_media":0,"parent":0,"menu_order":0,"comment_status":"closed","ping_status":"closed","template":"","meta":{"site-sidebar-layout":"default","site-content-layout":"default","ast-global-header-display":"","ast-main-header-display":"","ast-hfb-above-header-display":"","ast-hfb-below-header-display":"","ast-hfb-mobile-header-display":"","site-post-title":"disabled","ast-breadcrumbs-content":"","ast-featured-img":"","footer-sml-layout":"","theme-transparent-header-meta":"","adv-header-id-meta":"","stick-header-meta":"","header-above-stick-meta":"","header-main-stick-meta":"","header-below-stick-meta":"","footnotes":""},"class_list":["post-318","page","type-page","status-publish","hentry"],"_links":{"self":[{"href":"https:\/\/traildufreego.fr\/index.php\/wp-json\/wp\/v2\/pages\/318","targetHints":{"allow":["GET"]}}],"collection":[{"href":"https:\/\/traildufreego.fr\/index.php\/wp-json\/wp\/v2\/pages"}],"about":[{"href":"https:\/\/traildufreego.fr\/index.php\/wp-json\/wp\/v2\/types\/page"}],"author":[{"embeddable":true,"href":"https:\/\/traildufreego.fr\/index.php\/wp-json\/wp\/v2\/users\/1"}],"replies":[{"embeddable":true,"href":"https:\/\/traildufreego.fr\/index.php\/wp-json\/wp\/v2\/comments?post=318"}],"version-history":[{"count":4,"href":"https:\/\/traildufreego.fr\/index.php\/wp-json\/wp\/v2\/pages\/318\/revisions"}],"predecessor-version":[{"id":327,"href":"https:\/\/traildufreego.fr\/index.php\/wp-json\/wp\/v2\/pages\/318\/revisions\/327"}],"wp:attachment":[{"href":"https:\/\/traildufreego.fr\/index.php\/wp-json\/wp\/v2\/media?parent=318"}],"curies":[{"name":"wp","href":"https:\/\/api.w.org\/{rel}","templated":true}]}}