{"id":42,"date":"2022-07-29T08:10:53","date_gmt":"2022-07-29T06:10:53","guid":{"rendered":"https:\/\/traildufreego.fr\/?page_id=42"},"modified":"2025-11-08T07:58:45","modified_gmt":"2025-11-08T06:58:45","slug":"course-1","status":"publish","type":"page","link":"https:\/\/traildufreego.fr\/index.php\/course-1\/","title":{"rendered":"Le Free GO: 25 km"},"content":{"rendered":"\n<p><strong> Le Free GO, 25 km, 380 m de d+ : d\u00e9part 9 heures 30<\/strong><br><br><strong>Barri\u00e8res horaires : <\/strong> 10 h 45 au ravitaillement (quatorzi\u00e8me km) et 12 h au ch\u00e2teau de La Jarrie (dix-neuvi\u00e8me km)<\/p>\n\n\n\n<p><em>A la demande et en accord avec les propri\u00e9taires et ou exploitants agricoles, les circuits ne sont pas mis en ligne.<\/em><\/p>\n\n\n\n<p><em>Les passages sur les secteurs priv\u00e9s ne sont permis que le jour de l\u2019\u00e9preuve.<\/em><\/p>\n\n\n\n<p><em><strong>Merci par avance du respect de cette consigne qui conditionne les autorisations futures<\/strong><\/em><em>.<\/em><\/p>\n\n\n\n<p>Le 25 kilom\u00e8tres et le 16 kilom\u00e8tres emprunteront en grande partie le m\u00eame parcours avec la travers\u00e9e du Pont de Moine, puis la mont\u00e9e de la place de la Motte pour ensuite s\u2019engager vers la mont\u00e9e de la Verdrie, laissant le moulin de la ville sur la gauche pour remonter la butte des Barons.<\/p>\n\n\n\n<p>Les participants suivront ensuite la vall\u00e9e de l\u2019Aiguefou pour bifurquer aux Alneaux et revenir en parall\u00e8le par le sens oppos\u00e9 \u00e0 cette m\u00eame vall\u00e9e par le chemin creux du petit Prinsou. Puis un secteur plus \u00ab&nbsp;roulant&nbsp;\u00bb les fera traverser Saint Gilles et les Plantes, Marquet et la Davi\u00e8re, laissant le moulin du lieudit sur leur droite.<\/p>\n\n\n\n<p>A la Davi\u00e8re apr\u00e8s le ravitaillement -neuvi\u00e8me kilom\u00e8tre- s\u00e9paration des deux circuits, (le 16 descendant directement par un chemin creux \u00e0 Robat). Le 25 continuera sur la gauche pour une boucle de dix kilom\u00e8tres environ passant pr\u00e8s du menhir de la haute borne puis le chemin des Bor\u00e8res dont le moulin \u00e0 vent les verra passer sur sa droite.<\/p>\n\n\n\n<p>Ensuite ce parcours passera dans le secteur d\u2019un ensemble de m\u00e9galithes, pierres lev\u00e9es et enchainera une partie plus accident\u00e9e sur les coteaux de la Moine et de ses affluents, en ayant travers\u00e9 le pont de Normandeau -ancien moulin \u00e0 eau- pour revenir vers le ch\u00e2teau de la Jarrie que les participants pourront d\u00e9couvrir sur leur droite.<\/p>\n\n\n\n<p>La jonction avec le circuit en commun du 16 et du 25 se fera juste avant Robat avec travers\u00e9e de la chauss\u00e9e de Robat -ancien moulin \u00e0 eau-.<\/p>\n\n\n\n<p>Apr\u00e8s ce lieudit Robat, les trois circuits seront communs et ce jusqu\u2019\u00e0 l\u2019arriv\u00e9e avec un encha\u00eenement de mont\u00e9es de descentes courtes pour finir par une partie plus facile ramenant \u00e0 l\u2019arriv\u00e9e.<\/p>\n\n\n\n<figure class=\"wp-block-image size-full\"><img loading=\"lazy\" decoding=\"async\" width=\"833\" height=\"194\" src=\"https:\/\/traildufreego.fr\/wp-content\/uploads\/2022\/11\/FreeGo.png\" alt=\"\" class=\"wp-image-240\" srcset=\"https:\/\/traildufreego.fr\/wp-content\/uploads\/2022\/11\/FreeGo.png 833w, https:\/\/traildufreego.fr\/wp-content\/uploads\/2022\/11\/FreeGo-300x70.png 300w, https:\/\/traildufreego.fr\/wp-content\/uploads\/2022\/11\/FreeGo-768x179.png 768w\" sizes=\"auto, (max-width: 833px) 100vw, 833px\" \/><figcaption class=\"wp-element-caption\">D\u00e9nivel\u00e9 positif : 380 m<\/figcaption><\/figure>\n\n\n\n<p><strong>Quelques photos :<\/strong><\/p>\n\n\n\n<figure class=\"wp-block-image size-large\"><img loading=\"lazy\" decoding=\"async\" width=\"1024\" height=\"683\" src=\"https:\/\/traildufreego.fr\/wp-content\/uploads\/2022\/11\/DSC_0089-1024x683.jpg\" alt=\"\" class=\"wp-image-273\" srcset=\"https:\/\/traildufreego.fr\/wp-content\/uploads\/2022\/11\/DSC_0089-1024x683.jpg 1024w, https:\/\/traildufreego.fr\/wp-content\/uploads\/2022\/11\/DSC_0089-300x200.jpg 300w, https:\/\/traildufreego.fr\/wp-content\/uploads\/2022\/11\/DSC_0089-768x512.jpg 768w, https:\/\/traildufreego.fr\/wp-content\/uploads\/2022\/11\/DSC_0089-1536x1024.jpg 1536w, https:\/\/traildufreego.fr\/wp-content\/uploads\/2022\/11\/DSC_0089-2048x1365.jpg 2048w\" sizes=\"auto, (max-width: 1024px) 100vw, 1024px\" \/><figcaption class=\"wp-element-caption\">Vue sur Montfaucon<\/figcaption><\/figure>\n\n\n\n<figure class=\"wp-block-image size-large\"><img loading=\"lazy\" decoding=\"async\" width=\"683\" height=\"1024\" src=\"https:\/\/traildufreego.fr\/wp-content\/uploads\/2022\/11\/DSC_0101-683x1024.jpg\" alt=\"\" class=\"wp-image-275\" srcset=\"https:\/\/traildufreego.fr\/wp-content\/uploads\/2022\/11\/DSC_0101-683x1024.jpg 683w, https:\/\/traildufreego.fr\/wp-content\/uploads\/2022\/11\/DSC_0101-200x300.jpg 200w, https:\/\/traildufreego.fr\/wp-content\/uploads\/2022\/11\/DSC_0101-768x1152.jpg 768w, https:\/\/traildufreego.fr\/wp-content\/uploads\/2022\/11\/DSC_0101-1024x1536.jpg 1024w, https:\/\/traildufreego.fr\/wp-content\/uploads\/2022\/11\/DSC_0101-1365x2048.jpg 1365w, https:\/\/traildufreego.fr\/wp-content\/uploads\/2022\/11\/DSC_0101-scaled.jpg 1707w\" sizes=\"auto, (max-width: 683px) 100vw, 683px\" \/><figcaption class=\"wp-element-caption\">Pr\u00e8s de l&rsquo;Aiguefou<\/figcaption><\/figure>\n","protected":false},"excerpt":{"rendered":"<p>Le Free GO, 25 km, 380 m de d+ : d\u00e9part 9 heures 30 Barri\u00e8res horaires : 10 h 45 au ravitaillement (quatorzi\u00e8me km) et 12 h au ch\u00e2teau de La Jarrie (dix-neuvi\u00e8me km) A la demande et en accord avec les propri\u00e9taires et ou exploitants agricoles, les circuits ne sont pas mis en ligne. &hellip;<\/p>\n<p class=\"read-more\"> <a class=\"\" href=\"https:\/\/traildufreego.fr\/index.php\/course-1\/\"> <span class=\"screen-reader-text\">Le Free GO: 25 km<\/span> Lire la suite\u00a0\u00bb<\/a><\/p>\n","protected":false},"author":1,"featured_media":0,"parent":0,"menu_order":0,"comment_status":"closed","ping_status":"closed","template":"","meta":{"site-sidebar-layout":"default","site-content-layout":"default","ast-global-header-display":"","ast-main-header-display":"","ast-hfb-above-header-display":"","ast-hfb-below-header-display":"","ast-hfb-mobile-header-display":"","site-post-title":"disabled","ast-breadcrumbs-content":"","ast-featured-img":"","footer-sml-layout":"","theme-transparent-header-meta":"","adv-header-id-meta":"","stick-header-meta":"","header-above-stick-meta":"","header-main-stick-meta":"","header-below-stick-meta":"","footnotes":""},"class_list":["post-42","page","type-page","status-publish","hentry"],"_links":{"self":[{"href":"https:\/\/traildufreego.fr\/index.php\/wp-json\/wp\/v2\/pages\/42","targetHints":{"allow":["GET"]}}],"collection":[{"href":"https:\/\/traildufreego.fr\/index.php\/wp-json\/wp\/v2\/pages"}],"about":[{"href":"https:\/\/traildufreego.fr\/index.php\/wp-json\/wp\/v2\/types\/page"}],"author":[{"embeddable":true,"href":"https:\/\/traildufreego.fr\/index.php\/wp-json\/wp\/v2\/users\/1"}],"replies":[{"embeddable":true,"href":"https:\/\/traildufreego.fr\/index.php\/wp-json\/wp\/v2\/comments?post=42"}],"version-history":[{"count":22,"href":"https:\/\/traildufreego.fr\/index.php\/wp-json\/wp\/v2\/pages\/42\/revisions"}],"predecessor-version":[{"id":1053,"href":"https:\/\/traildufreego.fr\/index.php\/wp-json\/wp\/v2\/pages\/42\/revisions\/1053"}],"wp:attachment":[{"href":"https:\/\/traildufreego.fr\/index.php\/wp-json\/wp\/v2\/media?parent=42"}],"curies":[{"name":"wp","href":"https:\/\/api.w.org\/{rel}","templated":true}]}}