{"id":536,"date":"2023-05-01T21:17:46","date_gmt":"2023-05-01T19:17:46","guid":{"rendered":"https:\/\/traildufreego.fr\/?page_id=536"},"modified":"2023-05-01T21:20:16","modified_gmt":"2023-05-01T19:20:16","slug":"editions-2022","status":"publish","type":"page","link":"https:\/\/traildufreego.fr\/index.php\/editions-2022\/","title":{"rendered":"\u00c9ditions 2022"},"content":{"rendered":"\n<p>Malheureusement, la premi\u00e8re \u00e9dition pr\u00e9vue le 06 F\u00e9vrier 2022 a \u00e9t\u00e9 annul\u00e9e (pour raisons sanitaires).<\/p>\n","protected":false},"excerpt":{"rendered":"<p>Malheureusement, la premi\u00e8re \u00e9dition pr\u00e9vue le 06 F\u00e9vrier 2022 a \u00e9t\u00e9 annul\u00e9e (pour raisons sanitaires).<\/p>\n","protected":false},"author":1,"featured_media":0,"parent":0,"menu_order":0,"comment_status":"closed","ping_status":"closed","template":"","meta":{"site-sidebar-layout":"default","site-content-layout":"default","ast-global-header-display":"","ast-main-header-display":"","ast-hfb-above-header-display":"","ast-hfb-below-header-display":"","ast-hfb-mobile-header-display":"","site-post-title":"disabled","ast-breadcrumbs-content":"","ast-featured-img":"","footer-sml-layout":"","theme-transparent-header-meta":"","adv-header-id-meta":"","stick-header-meta":"","header-above-stick-meta":"","header-main-stick-meta":"","header-below-stick-meta":"","footnotes":""},"class_list":["post-536","page","type-page","status-publish","hentry"],"_links":{"self":[{"href":"https:\/\/traildufreego.fr\/index.php\/wp-json\/wp\/v2\/pages\/536","targetHints":{"allow":["GET"]}}],"collection":[{"href":"https:\/\/traildufreego.fr\/index.php\/wp-json\/wp\/v2\/pages"}],"about":[{"href":"https:\/\/traildufreego.fr\/index.php\/wp-json\/wp\/v2\/types\/page"}],"author":[{"embeddable":true,"href":"https:\/\/traildufreego.fr\/index.php\/wp-json\/wp\/v2\/users\/1"}],"replies":[{"embeddable":true,"href":"https:\/\/traildufreego.fr\/index.php\/wp-json\/wp\/v2\/comments?post=536"}],"version-history":[{"count":2,"href":"https:\/\/traildufreego.fr\/index.php\/wp-json\/wp\/v2\/pages\/536\/revisions"}],"predecessor-version":[{"id":539,"href":"https:\/\/traildufreego.fr\/index.php\/wp-json\/wp\/v2\/pages\/536\/revisions\/539"}],"wp:attachment":[{"href":"https:\/\/traildufreego.fr\/index.php\/wp-json\/wp\/v2\/media?parent=536"}],"curies":[{"name":"wp","href":"https:\/\/api.w.org\/{rel}","templated":true}]}}