{"id":58,"date":"2022-08-04T08:14:06","date_gmt":"2022-08-04T06:14:06","guid":{"rendered":"https:\/\/traildufreego.fr\/?page_id=58"},"modified":"2026-01-03T09:22:17","modified_gmt":"2026-01-03T08:22:17","slug":"course-2","status":"publish","type":"page","link":"https:\/\/traildufreego.fr\/index.php\/course-2\/","title":{"rendered":"Le Free MAS: 16 km"},"content":{"rendered":"\n<p><strong> Le Free MAS, 16 km<strong>, 240 m de d+<\/strong> : d\u00e9part 9 heures 45<\/strong><br><br><strong>Barri\u00e8re horaire : <\/strong> 12 h \u00e0 la Jarrie (neuvi\u00e8me km)<\/p>\n\n\n\n<p><em>A la demande et en accord avec les propri\u00e9taires et ou exploitants agricoles, les circuits ne sont pas mis en ligne.<\/em><\/p>\n\n\n\n<p><em>Les passages sur les secteurs priv\u00e9s ne sont permis que le jour de l\u2019\u00e9preuve.<\/em><\/p>\n\n\n\n<p><em><strong>Merci par avance du respect de cette consigne <\/strong><\/em><em><strong>qui conditionne les autorisations futures.<\/strong><\/em><\/p>\n\n\n\n<p>Le 16 kilom\u00e8tres empruntera en grande partie le m\u00eame parcours que le 25 kms, avec cette ann\u00e9e un d\u00e9part diff\u00e9rent des ann\u00e9es pr\u00e9c\u00e9dentes puisque les coureurs partiront direction le chemin de la Guerche, les participants attaqueront directement les coteaux et vallons du m\u00eame nom bordant la Moine, pour d\u00e9boucher route de Robat -ancien moulin \u00e0 eau- (m\u00eame parcours que pour le d\u00e9but du 8km). <br><br>Apr\u00e8s avoir travers\u00e9 le pont au niveau de Robat, les coureurs prendront la direction de la Davi\u00e8re pour rejoindre le parcours du 25 km. <br>Passage pr\u00e8s du menhir de la haute borne puis le chemin des Bor\u00e8res dont le moulin \u00e0 vent les verra passer sur sa droite.<\/p>\n\n\n\n<p>Ensuite ce parcours passera dans le secteur d\u2019un ensemble de m\u00e9galithes, pierres lev\u00e9es et enchainera une partie plus accident\u00e9e sur les coteaux de la Moine et de ses affluents, passage \u00e0 proximit\u00e9 du pont de Normandeau -ancien moulin \u00e0 eau- pour revenir vers le ch\u00e2teau de la Jarrie que les participants pourront d\u00e9couvrir sur leur droite.<\/p>\n\n\n\n<p>Les coureurs rejoindront ensuite de nouveau Robat pour la fin du parcours.<\/p>\n\n\n\n<p>Apr\u00e8s ce lieudit Robat, les trois circuits seront communs et ce jusqu\u2019\u00e0 l\u2019arriv\u00e9e avec un encha\u00eenement de mont\u00e9es de descentes courtes pour finir par une partie plus facile ramenant \u00e0 l\u2019arriv\u00e9e.<\/p>\n\n\n\n<p>Le profil du Free MAS : <br><\/p>\n\n\n\n<figure class=\"wp-block-image size-large\"><img loading=\"lazy\" decoding=\"async\" width=\"1024\" height=\"138\" src=\"https:\/\/traildufreego.fr\/wp-content\/uploads\/2026\/01\/image-1024x138.png\" alt=\"\" class=\"wp-image-1064\" srcset=\"https:\/\/traildufreego.fr\/wp-content\/uploads\/2026\/01\/image-1024x138.png 1024w, https:\/\/traildufreego.fr\/wp-content\/uploads\/2026\/01\/image-300x41.png 300w, https:\/\/traildufreego.fr\/wp-content\/uploads\/2026\/01\/image-768x104.png 768w, https:\/\/traildufreego.fr\/wp-content\/uploads\/2026\/01\/image-1536x207.png 1536w, https:\/\/traildufreego.fr\/wp-content\/uploads\/2026\/01\/image.png 1599w\" sizes=\"auto, (max-width: 1024px) 100vw, 1024px\" \/><\/figure>\n\n\n\n<p><strong>Quelques photos : <\/strong><\/p>\n\n\n\n<figure class=\"wp-block-image size-large\"><img loading=\"lazy\" decoding=\"async\" width=\"1024\" height=\"683\" src=\"https:\/\/traildufreego.fr\/wp-content\/uploads\/2022\/11\/DSC_0088-1024x683.jpg\" alt=\"\" class=\"wp-image-267\" srcset=\"https:\/\/traildufreego.fr\/wp-content\/uploads\/2022\/11\/DSC_0088-1024x683.jpg 1024w, https:\/\/traildufreego.fr\/wp-content\/uploads\/2022\/11\/DSC_0088-300x200.jpg 300w, https:\/\/traildufreego.fr\/wp-content\/uploads\/2022\/11\/DSC_0088-768x512.jpg 768w, https:\/\/traildufreego.fr\/wp-content\/uploads\/2022\/11\/DSC_0088-1536x1024.jpg 1536w, https:\/\/traildufreego.fr\/wp-content\/uploads\/2022\/11\/DSC_0088-2048x1365.jpg 2048w\" sizes=\"auto, (max-width: 1024px) 100vw, 1024px\" \/><figcaption class=\"wp-element-caption\">Moulin \u00e0 Montfaucon<\/figcaption><\/figure>\n\n\n\n<figure class=\"wp-block-image size-large\"><img loading=\"lazy\" decoding=\"async\" width=\"683\" height=\"1024\" src=\"https:\/\/traildufreego.fr\/wp-content\/uploads\/2022\/11\/DSC_0077-683x1024.jpg\" alt=\"\" class=\"wp-image-270\" srcset=\"https:\/\/traildufreego.fr\/wp-content\/uploads\/2022\/11\/DSC_0077-683x1024.jpg 683w, https:\/\/traildufreego.fr\/wp-content\/uploads\/2022\/11\/DSC_0077-200x300.jpg 200w, https:\/\/traildufreego.fr\/wp-content\/uploads\/2022\/11\/DSC_0077-768x1152.jpg 768w, https:\/\/traildufreego.fr\/wp-content\/uploads\/2022\/11\/DSC_0077-1024x1536.jpg 1024w, https:\/\/traildufreego.fr\/wp-content\/uploads\/2022\/11\/DSC_0077-1365x2048.jpg 1365w, https:\/\/traildufreego.fr\/wp-content\/uploads\/2022\/11\/DSC_0077-scaled.jpg 1707w\" sizes=\"auto, (max-width: 683px) 100vw, 683px\" \/><figcaption class=\"wp-element-caption\">Direction le moulin<\/figcaption><\/figure>\n\n\n\n<p><\/p>\n","protected":false},"excerpt":{"rendered":"<p>Le Free MAS, 16 km, 240 m de d+ : d\u00e9part 9 heures 45 Barri\u00e8re horaire : 12 h \u00e0 la Jarrie (neuvi\u00e8me km) A la demande et en accord avec les propri\u00e9taires et ou exploitants agricoles, les circuits ne sont pas mis en ligne. Les passages sur les secteurs priv\u00e9s ne sont permis que &hellip;<\/p>\n<p class=\"read-more\"> <a class=\"\" href=\"https:\/\/traildufreego.fr\/index.php\/course-2\/\"> <span class=\"screen-reader-text\">Le Free MAS: 16 km<\/span> Lire la suite\u00a0\u00bb<\/a><\/p>\n","protected":false},"author":1,"featured_media":0,"parent":0,"menu_order":0,"comment_status":"closed","ping_status":"closed","template":"","meta":{"site-sidebar-layout":"default","site-content-layout":"default","ast-global-header-display":"","ast-main-header-display":"","ast-hfb-above-header-display":"","ast-hfb-below-header-display":"","ast-hfb-mobile-header-display":"","site-post-title":"disabled","ast-breadcrumbs-content":"","ast-featured-img":"","footer-sml-layout":"","theme-transparent-header-meta":"","adv-header-id-meta":"","stick-header-meta":"","header-above-stick-meta":"","header-main-stick-meta":"","header-below-stick-meta":"","footnotes":""},"class_list":["post-58","page","type-page","status-publish","hentry"],"_links":{"self":[{"href":"https:\/\/traildufreego.fr\/index.php\/wp-json\/wp\/v2\/pages\/58","targetHints":{"allow":["GET"]}}],"collection":[{"href":"https:\/\/traildufreego.fr\/index.php\/wp-json\/wp\/v2\/pages"}],"about":[{"href":"https:\/\/traildufreego.fr\/index.php\/wp-json\/wp\/v2\/types\/page"}],"author":[{"embeddable":true,"href":"https:\/\/traildufreego.fr\/index.php\/wp-json\/wp\/v2\/users\/1"}],"replies":[{"embeddable":true,"href":"https:\/\/traildufreego.fr\/index.php\/wp-json\/wp\/v2\/comments?post=58"}],"version-history":[{"count":19,"href":"https:\/\/traildufreego.fr\/index.php\/wp-json\/wp\/v2\/pages\/58\/revisions"}],"predecessor-version":[{"id":1066,"href":"https:\/\/traildufreego.fr\/index.php\/wp-json\/wp\/v2\/pages\/58\/revisions\/1066"}],"wp:attachment":[{"href":"https:\/\/traildufreego.fr\/index.php\/wp-json\/wp\/v2\/media?parent=58"}],"curies":[{"name":"wp","href":"https:\/\/api.w.org\/{rel}","templated":true}]}}