{"id":64,"date":"2022-08-04T08:15:35","date_gmt":"2022-08-04T06:15:35","guid":{"rendered":"https:\/\/traildufreego.fr\/?page_id=64"},"modified":"2024-11-27T11:04:01","modified_gmt":"2024-11-27T10:04:01","slug":"course-3","status":"publish","type":"page","link":"https:\/\/traildufreego.fr\/index.php\/course-3\/","title":{"rendered":"Le Free LEUX: 8 km"},"content":{"rendered":"\n<p><strong> Le Free LEUX, 08 km, 120 m de d+ : d\u00e9part 10 heures<\/strong><br><br>Pas de barri\u00e8re horaire.<\/p>\n\n\n\n<p><em>A la demande et en accord avec les propri\u00e9taires et ou exploitants agricoles, les circuits ne sont pas mis en ligne.<\/em><\/p>\n\n\n\n<p><em>Les passages sur les secteurs priv\u00e9s ne sont permis que le jour de l\u2019\u00e9preuve.<\/em><\/p>\n\n\n\n<p><em><strong>Merci par avance du respect de cette consigne qui conditionne les autorisations futures.<\/strong><\/em><\/p>\n\n\n\n<p>Le 8 kilom\u00e8tres partira \u00e0 l\u2019oppos\u00e9 de deux autres circuits 16 et 25 kilom\u00e8tres.<br>Apr\u00e8s avoir abord\u00e9 le chemin de la Guerche, les participants attaqueront directement les coteaux et vallons du m\u00eame nom bordant la Moine, pour d\u00e9boucher route de Robat -ancien moulin \u00e0 eau- puis avant le moulin ils bifurqueront sur leur droite.<\/p>\n\n\n\n<p>Apr\u00e8s ce lieudit Robat, les trois circuits seront communs et ce jusqu\u2019\u00e0 l\u2019arriv\u00e9e avec un encha\u00eenement de mont\u00e9es de descentes courtes pour finir par une partie plus facile ramenant \u00e0 l\u2019arriv\u00e9e.<\/p>\n\n\n\n<p>Le profil du Free LEUX :<\/p>\n\n\n\n<figure class=\"wp-block-image size-large is-resized\"><img loading=\"lazy\" decoding=\"async\" width=\"1024\" height=\"231\" src=\"https:\/\/traildufreego.fr\/wp-content\/uploads\/2022\/11\/FreeLeux-1024x231.png\" alt=\"\" class=\"wp-image-167\" srcset=\"https:\/\/traildufreego.fr\/wp-content\/uploads\/2022\/11\/FreeLeux-1024x231.png 1024w, https:\/\/traildufreego.fr\/wp-content\/uploads\/2022\/11\/FreeLeux-300x68.png 300w, https:\/\/traildufreego.fr\/wp-content\/uploads\/2022\/11\/FreeLeux-768x173.png 768w, https:\/\/traildufreego.fr\/wp-content\/uploads\/2022\/11\/FreeLeux.png 1027w\" sizes=\"auto, (max-width: 1024px) 100vw, 1024px\" \/><\/figure>\n\n\n\n<p><br>D\u00e9nivel\u00e9 positif : 120 m<\/p>\n\n\n\n<p><strong>Quelques photos :<\/strong><\/p>\n\n\n\n<div class=\"wp-block-columns is-layout-flex wp-container-core-columns-is-layout-28f84493 wp-block-columns-is-layout-flex\">\n<div class=\"wp-block-column is-layout-flow wp-block-column-is-layout-flow\" style=\"flex-basis:66.66%\">\n<figure class=\"wp-block-image size-large is-resized\"><img loading=\"lazy\" decoding=\"async\" width=\"768\" height=\"1024\" src=\"https:\/\/traildufreego.fr\/wp-content\/uploads\/2022\/11\/Robat-768x1024.jpg\" alt=\"\" class=\"wp-image-223\" srcset=\"https:\/\/traildufreego.fr\/wp-content\/uploads\/2022\/11\/Robat-768x1024.jpg 768w, https:\/\/traildufreego.fr\/wp-content\/uploads\/2022\/11\/Robat-225x300.jpg 225w, https:\/\/traildufreego.fr\/wp-content\/uploads\/2022\/11\/Robat.jpg 810w\" sizes=\"auto, (max-width: 768px) 100vw, 768px\" \/><figcaption class=\"wp-element-caption\">Le pont du moulin de Robat<\/figcaption><\/figure>\n<\/div>\n<\/div>\n\n\n\n<figure class=\"wp-block-image size-large is-resized\"><img loading=\"lazy\" decoding=\"async\" width=\"1024\" height=\"683\" src=\"https:\/\/traildufreego.fr\/wp-content\/uploads\/2022\/11\/DSC_3021-1024x683.jpg\" alt=\"\" class=\"wp-image-229\" srcset=\"https:\/\/traildufreego.fr\/wp-content\/uploads\/2022\/11\/DSC_3021-1024x683.jpg 1024w, https:\/\/traildufreego.fr\/wp-content\/uploads\/2022\/11\/DSC_3021-300x200.jpg 300w, https:\/\/traildufreego.fr\/wp-content\/uploads\/2022\/11\/DSC_3021-768x512.jpg 768w, https:\/\/traildufreego.fr\/wp-content\/uploads\/2022\/11\/DSC_3021-1536x1024.jpg 1536w, https:\/\/traildufreego.fr\/wp-content\/uploads\/2022\/11\/DSC_3021-2048x1365.jpg 2048w\" sizes=\"auto, (max-width: 1024px) 100vw, 1024px\" \/><figcaption class=\"wp-element-caption\">Le ch\u00e2teau de Dor\u00e9-les-Tours<\/figcaption><\/figure>\n\n\n\n<figure class=\"wp-block-image size-large is-resized\"><img loading=\"lazy\" decoding=\"async\" width=\"1024\" height=\"683\" src=\"https:\/\/traildufreego.fr\/wp-content\/uploads\/2023\/11\/photo1-1024x683.jpg\" alt=\"\" class=\"wp-image-673\" style=\"width:876px;height:auto\" srcset=\"https:\/\/traildufreego.fr\/wp-content\/uploads\/2023\/11\/photo1-1024x683.jpg 1024w, https:\/\/traildufreego.fr\/wp-content\/uploads\/2023\/11\/photo1-300x200.jpg 300w, https:\/\/traildufreego.fr\/wp-content\/uploads\/2023\/11\/photo1-768x512.jpg 768w, https:\/\/traildufreego.fr\/wp-content\/uploads\/2023\/11\/photo1-1536x1024.jpg 1536w, https:\/\/traildufreego.fr\/wp-content\/uploads\/2023\/11\/photo1-2048x1365.jpg 2048w\" sizes=\"auto, (max-width: 1024px) 100vw, 1024px\" \/><\/figure>\n\n\n\n<p><\/p>\n\n\n\n<figure class=\"wp-block-image size-large is-resized\"><img loading=\"lazy\" decoding=\"async\" width=\"1024\" height=\"683\" src=\"https:\/\/traildufreego.fr\/wp-content\/uploads\/2023\/11\/photo2-1-1024x683.jpg\" alt=\"\" class=\"wp-image-679\" style=\"width:882px;height:auto\" srcset=\"https:\/\/traildufreego.fr\/wp-content\/uploads\/2023\/11\/photo2-1-1024x683.jpg 1024w, https:\/\/traildufreego.fr\/wp-content\/uploads\/2023\/11\/photo2-1-300x200.jpg 300w, https:\/\/traildufreego.fr\/wp-content\/uploads\/2023\/11\/photo2-1-768x512.jpg 768w, https:\/\/traildufreego.fr\/wp-content\/uploads\/2023\/11\/photo2-1-1536x1024.jpg 1536w, https:\/\/traildufreego.fr\/wp-content\/uploads\/2023\/11\/photo2-1-2048x1365.jpg 2048w\" sizes=\"auto, (max-width: 1024px) 100vw, 1024px\" \/><\/figure>\n\n\n\n<p><\/p>\n","protected":false},"excerpt":{"rendered":"<p>Le Free LEUX, 08 km, 120 m de d+ : d\u00e9part 10 heures Pas de barri\u00e8re horaire. A la demande et en accord avec les propri\u00e9taires et ou exploitants agricoles, les circuits ne sont pas mis en ligne. Les passages sur les secteurs priv\u00e9s ne sont permis que le jour de l\u2019\u00e9preuve. Merci par avance &hellip;<\/p>\n<p class=\"read-more\"> <a class=\"\" href=\"https:\/\/traildufreego.fr\/index.php\/course-3\/\"> <span class=\"screen-reader-text\">Le Free LEUX: 8 km<\/span> Lire la suite\u00a0\u00bb<\/a><\/p>\n","protected":false},"author":1,"featured_media":0,"parent":0,"menu_order":0,"comment_status":"closed","ping_status":"closed","template":"","meta":{"site-sidebar-layout":"default","site-content-layout":"default","ast-global-header-display":"","ast-main-header-display":"","ast-hfb-above-header-display":"","ast-hfb-below-header-display":"","ast-hfb-mobile-header-display":"","site-post-title":"disabled","ast-breadcrumbs-content":"","ast-featured-img":"","footer-sml-layout":"","theme-transparent-header-meta":"","adv-header-id-meta":"","stick-header-meta":"","header-above-stick-meta":"","header-main-stick-meta":"","header-below-stick-meta":"","footnotes":""},"class_list":["post-64","page","type-page","status-publish","hentry"],"_links":{"self":[{"href":"https:\/\/traildufreego.fr\/index.php\/wp-json\/wp\/v2\/pages\/64","targetHints":{"allow":["GET"]}}],"collection":[{"href":"https:\/\/traildufreego.fr\/index.php\/wp-json\/wp\/v2\/pages"}],"about":[{"href":"https:\/\/traildufreego.fr\/index.php\/wp-json\/wp\/v2\/types\/page"}],"author":[{"embeddable":true,"href":"https:\/\/traildufreego.fr\/index.php\/wp-json\/wp\/v2\/users\/1"}],"replies":[{"embeddable":true,"href":"https:\/\/traildufreego.fr\/index.php\/wp-json\/wp\/v2\/comments?post=64"}],"version-history":[{"count":26,"href":"https:\/\/traildufreego.fr\/index.php\/wp-json\/wp\/v2\/pages\/64\/revisions"}],"predecessor-version":[{"id":1021,"href":"https:\/\/traildufreego.fr\/index.php\/wp-json\/wp\/v2\/pages\/64\/revisions\/1021"}],"wp:attachment":[{"href":"https:\/\/traildufreego.fr\/index.php\/wp-json\/wp\/v2\/media?parent=64"}],"curies":[{"name":"wp","href":"https:\/\/api.w.org\/{rel}","templated":true}]}}